{"id":211,"date":"2017-08-30T23:51:52","date_gmt":"2017-08-31T02:51:52","guid":{"rendered":"http:\/\/www.matiasanghileri.com\/2017\/?page_id=211"},"modified":"2020-04-17T07:39:39","modified_gmt":"2020-04-17T10:39:39","slug":"cv","status":"publish","type":"page","link":"http:\/\/www.matiasanghileri.com\/en\/cv\/","title":{"rendered":"CV"},"content":{"rendered":"[mk_page_section bg_image=&#8221;http:\/\/www.matiasanghileri.com\/2020\/wp-content\/uploads\/2017\/08\/cv-2.jpg&#8221; bg_position=&#8221;center top&#8221; bg_stretch=&#8221;true&#8221; enable_3d=&#8221;true&#8221; adaptive_height=&#8221;true&#8221; min_height=&#8221;300&#8243; full_width=&#8221;true&#8221; padding_top=&#8221;0&#8243; padding_bottom=&#8221;0&#8243; margin_bottom=&#8221;70&#8243; sidebar=&#8221;sidebar-1&#8243;][vc_column][\/vc_column][\/mk_page_section][mk_page_section sidebar=&#8221;sidebar-1&#8243;][vc_column][mk_fancy_title font_family=&#8221;none&#8221;]\n<h1>DR. MATIAS ANGHILERI<\/h1>\n<h3><em>Specialist in <strong>Orthodontics and Orthopedics<\/strong><\/em><\/h3>\n[\/mk_fancy_title][vc_column_text]Dentist graduated at the Universidad de Buenos Aires, Argentina \u2013 Specialist in Orthodontics and Functional Orthopedics \u2013 Member of the World Federation of Orthodontists\u00a0 &#8211; Damon System Certified Educator \u2013 Former Professor of Orthodontics at the Universidad de Mor\u00f3n, Argentina \u2013 Member of the Asociaci\u00f3n Iberoamericana de Ortodoncistas &#8211; President of AIOI (Academia Internacional de Odontolog\u00eda Integral) Bah\u00eda Blanca &#8211; Speaker at the Sociedad Argentina de Ortodoncia &#8211; Speaker at long and short Damon System courses all over the country &#8211; Guest Speaker at the Universidad Cat\u00f3lica Argentina. International Speaker at Damon courses in Colombia, Per\u00fa, Uruguay, Bolivia, Paraguay, Panam\u00e1 and other Latin American countries.[\/vc_column_text][\/vc_column][\/mk_page_section][mk_page_section sidebar=&#8221;sidebar-1&#8243;][vc_column][vc_cta h2=&#8221;VIEW FULL RESUME&#8221; h2_font_container=&#8221;font_size:35px|color:%23ffffff&#8221; h2_use_theme_fonts=&#8221;yes&#8221; color=&#8221;sky&#8221; add_button=&#8221;right&#8221; btn_title=&#8221;DOWNLOAD&#8221; btn_color=&#8221;white&#8221; btn_align=&#8221;right&#8221; btn_i_align=&#8221;right&#8221; btn_i_icon_fontawesome=&#8221;fa fa-arrow-down&#8221; use_custom_fonts_h2=&#8221;true&#8221; btn_add_icon=&#8221;true&#8221; css=&#8221;.vc_custom_1587063252195{background-color: #6bc0e9 !important;}&#8221; btn_link=&#8221;url:http%3A%2F%2Fwww.matiasanghileri.com%2F2020%2Fcv.pdf||target:%20_blank|&#8221;][\/vc_cta][mk_padding_divider size=&#8221;70&#8243;][\/vc_column][\/mk_page_section]\n","protected":false},"excerpt":{"rendered":"<p>[mk_page_section bg_image=&#8221;http:\/\/www.matiasanghileri.com\/2020\/wp-content\/uploads\/2017\/08\/cv-2.jpg&#8221; bg_position=&#8221;center top&#8221; bg_stretch=&#8221;true&#8221; enable_3d=&#8221;true&#8221; adaptive_height=&#8221;true&#8221; min_height=&#8221;300&#8243; full_width=&#8221;true&#8221; padding_top=&#8221;0&#8243; padding_bottom=&#8221;0&#8243; margin_bottom=&#8221;70&#8243; sidebar=&#8221;sidebar-1&#8243;][vc_column][\/vc_column][\/mk_page_section][mk_page_section sidebar=&#8221;sidebar-1&#8243;][vc_column][mk_fancy_title font_family=&#8221;none&#8221;] DR. MATIAS ANGHILERI Specialist in Orthodontics and Orthopedics [\/mk_fancy_title][vc_column_text]Dentist graduated at the Universidad de Buenos Aires, Argentina \u2013 Specialist in Orthodontics and Functional Orthopedics \u2013 Member of the World Federation of Orthodontists\u00a0 &#8211; Damon System Certified Educator \u2013 Former Professor [&hellip;]<\/p>\n","protected":false},"author":1,"featured_media":0,"parent":0,"menu_order":0,"comment_status":"closed","ping_status":"closed","template":"","meta":{"om_disable_all_campaigns":false},"translation":{"provider":"WPGlobus","version":"2.10.2","language":"en","enabled_languages":["es","en"],"languages":{"es":{"title":true,"content":true,"excerpt":false},"en":{"title":false,"content":true,"excerpt":false}}},"featured_image_src":null,"featured_image_src_square":null,"_links":{"self":[{"href":"http:\/\/www.matiasanghileri.com\/en\/wp-json\/wp\/v2\/pages\/211"}],"collection":[{"href":"http:\/\/www.matiasanghileri.com\/en\/wp-json\/wp\/v2\/pages"}],"about":[{"href":"http:\/\/www.matiasanghileri.com\/en\/wp-json\/wp\/v2\/types\/page"}],"author":[{"embeddable":true,"href":"http:\/\/www.matiasanghileri.com\/en\/wp-json\/wp\/v2\/users\/1"}],"replies":[{"embeddable":true,"href":"http:\/\/www.matiasanghileri.com\/en\/wp-json\/wp\/v2\/comments?post=211"}],"version-history":[{"count":24,"href":"http:\/\/www.matiasanghileri.com\/en\/wp-json\/wp\/v2\/pages\/211\/revisions"}],"predecessor-version":[{"id":690,"href":"http:\/\/www.matiasanghileri.com\/en\/wp-json\/wp\/v2\/pages\/211\/revisions\/690"}],"wp:attachment":[{"href":"http:\/\/www.matiasanghileri.com\/en\/wp-json\/wp\/v2\/media?parent=211"}],"curies":[{"name":"wp","href":"https:\/\/api.w.org\/{rel}","templated":true}]}}