{"id":601,"date":"2020-04-15T23:15:24","date_gmt":"2020-04-16T02:15:24","guid":{"rendered":"http:\/\/www.matiasanghileri.com\/2017\/?page_id=601"},"modified":"2020-04-30T14:15:30","modified_gmt":"2020-04-30T17:15:30","slug":"webinar-solidario","status":"publish","type":"page","link":"http:\/\/www.matiasanghileri.com\/en\/webinar-solidario\/","title":{"rendered":"webinar-solidario"},"content":{"rendered":"[mk_page_section bg_image=&#8221;http:\/\/www.matiasanghileri.com\/2017\/wp-content\/uploads\/2020\/04\/banner-webinar-2.jpg&#8221; bg_position=&#8221;center top&#8221; bg_stretch=&#8221;true&#8221; enable_3d=&#8221;true&#8221; adaptive_height=&#8221;true&#8221; min_height=&#8221;300&#8243; full_width=&#8221;true&#8221; padding_top=&#8221;0&#8243; padding_bottom=&#8221;0&#8243; margin_bottom=&#8221;70&#8243; top_shape_color=&#8221;#ffffff&#8221; bottom_shape_style=&#8221;folded-bottom&#8221; bottom_shape_color=&#8221;#ffffff&#8221; sidebar=&#8221;sidebar-1&#8243;][vc_column][\/vc_column][\/mk_page_section][mk_page_section min_height=&#8221;50&#8243; padding_top=&#8221;15&#8243; padding_bottom=&#8221;45&#8243; sidebar=&#8221;sidebar-1&#8243;][vc_column width=&#8221;1\/2&#8243; css=&#8221;.vc_custom_1504750087772{margin-bottom: 0px !important;}&#8221;][mk_padding_divider size=&#8221;20&#8243;][mk_fancy_title tag_name=&#8221;span&#8221; size=&#8221;60&#8243; force_font_size=&#8221;true&#8221; size_smallscreen=&#8221;50&#8243; size_tablet=&#8221;45&#8243; size_phone=&#8221;20&#8243; font_family=&#8221;Roboto&#8221; font_type=&#8221;google&#8221; align=&#8221;right&#8221;]<span class=\"tamano-texto\" style=\"line-height: 1 !important; text-align: right; color: #6d4f85 !important; font-weight: 900 !important;\">1001 TIPS SOLIDARIOS<\/span><br \/>\n<span class=\"tamano-texto\" style=\"line-height: 1 !important; text-align: right;\">DEL AUTOLIGADO<\/span>[\/mk_fancy_title][\/vc_column][vc_column width=&#8221;1\/2&#8243;][vc_column_text]<span style=\"font-size: 20px !important; color: #2b2b2b !important;\">Estimado colega, gracias por interesarse en este webinar. La idea es sencilla: <strong style=\"color: #6d4f85 !important;\">Aprender siendo Solidario<\/strong> ayudando en este momento tan dif\u00edcil a hospitales p\u00fablicos que hacen lo que pueden con lo que tienen.<\/span><\/p>\n<p><span style=\"font-size: 20px !important; color: #2b2b2b !important;\">Por su parte la inversi\u00f3n es de 1001 pesos (si, \u00a1la transferencia debe ser de 1001!) o de 11 d\u00f3lares si es de otro pa\u00eds.<\/span><\/p>\n<p><span style=\"font-size: 20px !important; color: #2b2b2b !important;\">Por mi parte, le aseguro que en estas dos horas ver\u00e1 material absolutamente exclusivo, tips cl\u00ednicos que jam\u00e1s he mostrado e informaci\u00f3n que le servir\u00e1 para todos sus pacientes.<\/span>[\/vc_column_text][\/vc_column][\/mk_page_section][vc_row fullwidth=&#8221;true&#8221; fullwidth_content=&#8221;false&#8221; css=&#8221;.vc_custom_1587082096566{background-color: #6d4f85 !important;}&#8221; el_class=&#8221;padding-mobile&#8221;][vc_column][mk_padding_divider size=&#8221;70&#8243;][mk_fancy_title color=&#8221;#ffffff&#8221; size=&#8221;45&#8243; margin_bottom=&#8221;0&#8243; font_family=&#8221;none&#8221; align=&#8221;center&#8221;]\u00a1Seamos solidarios y <strong style=\"color: #fff !important;\">aprendamos juntos!<\/strong>[\/mk_fancy_title][mk_padding_divider size=&#8221;70&#8243;][\/vc_column][\/vc_row][vc_row fullwidth=&#8221;true&#8221; fullwidth_content=&#8221;false&#8221; css=&#8221;.vc_custom_1587082103916{background-color: #f9f9f9 !important;}&#8221; el_class=&#8221;padding-mobile&#8221;][vc_column][mk_padding_divider size=&#8221;70&#8243;][vc_column_text align=&#8221;center&#8221; el_class=&#8221;bajada-2&#8243;]<span style=\"color: #131313!important; line-height: 1.8 !important; text-align: center !important; font-weight: 300 !important; text-transform: initial !important; font-size: 25px !important;\">Lo \u00fanico que debe hacer es hacer seleccionar uno de los Hospitales y realizar la transferencia ($1.001 pesos u\u00a0U$D 11\u00a0 d\u00f3lares) y enviar el comprobante de la misma a <strong>ayudarescurar@bite.com.ar<\/strong> para recibir la contrase\u00f1a del zoom de la conferencia.<\/span><\/p>\n<p><span style=\"color: #131313!important; line-height: 1.8 !important; text-align: center !important; font-weight: 300 !important; text-transform: initial !important; font-size: 25px !important;\">En el caso de tener alguna consulta o inquietud, puede contactarnos por whatsapp al +54 9 11 6416 4986<\/span><\/p>\n<p><span style=\"color: #131313!important; line-height: 1.8 !important; text-align: center !important; font-weight: 300 !important; text-transform: initial !important; font-size: 25px !important;\">Estaremos repitiendo la grabaci\u00f3n de la charla el d\u00eda <strong style=\"color: #6d4f85 !important;\">Jueves 7 de Mayo a las 14 hs (Hora local de Argentina).<\/strong><\/span>[\/vc_column_text][\/vc_column][\/vc_row][vc_row fullwidth=&#8221;true&#8221; css=&#8221;.vc_custom_1587408240808{background-color: #f9f9f9 !important;}&#8221; id=&#8221;hospitales&#8221;][vc_column][mk_padding_divider size=&#8221;50&#8243;][\/vc_column][\/vc_row][vc_row fullwidth=&#8221;true&#8221; fullwidth_content=&#8221;false&#8221; equal_columns=&#8221;true&#8221; css=&#8221;.vc_custom_1587078237276{background-color: #f9f9f9 !important;}&#8221;][vc_column border_color=&#8221;#deceeb&#8221; width=&#8221;1\/2&#8243; el_class=&#8221;columna-hospitales&#8221;][mk_icon_box2 icon_size=&#8221;48&#8243; icon=&#8221;mk-icon-hospital-o&#8221; icon_color=&#8221;#ffffff&#8221; icon_background_color=&#8221;#c6aeda&#8221; title_size=&#8221;24&#8243; title_top_padding=&#8221;5&#8243; title_bottom_padding=&#8221;30&#8243; description_color=&#8221;#0a0a0a&#8221; el_class=&#8221;icono-webinar&#8221;]<strong style=\"color: #6d4f85 !important; font-size: 25px !important;\">HOSPITAL INTERZONAL DR. JOS\u00c9 PENNA<\/strong> <span style=\"font-size: 25px !important;\">(BAH\u00cdA BLANCA)<\/span>[\/mk_icon_box2][vc_accordions open_toggle=&#8221;-1&#8243; container_bg_color=&#8221;#ffffff&#8221;][vc_accordion_tab title=&#8221;DATOS DE LA CUENTA&#8221;][vc_column_text]<strong style=\"color: #6d4f85 !important;\">Transferencia en pesos argentinos: ($1.001)<\/strong><\/p>\n<p>BANCO DE LA PROVINCIA DE BUENOS AIRES | BAHIA BLANCA, Argentina<\/p>\n<p><span style=\"color: #6d4f85 !important;\">\u2022<\/span> Titular: COOP DEL HOSP PENNA<br \/>\n<span style=\"color: #6d4f85 !important;\">\u2022<\/span> N\u00famero de Cuenta:6229-27657\/3<br \/>\n<span style=\"color: #6d4f85 !important;\">\u2022<\/span> CUIL\/CUIT:30-52222500-9<br \/>\n<span style=\"color: #6d4f85 !important;\">\u2022<\/span> CBU:0140305101622902765732<\/p>\n<p><strong style=\"color: #6d4f85 !important;\">Transferencia desde el extranjero: (U$D 11)<\/strong><\/p>\n<p>BANCO DE LA PROVINCIA DE BUENOS AIRES | BAHIA BLANCA, Argentina<\/p>\n<p><span style=\"color: #6d4f85 !important;\">\u2022<\/span> Titular: COOP DEL HOSP PENNA<br \/>\n<span style=\"color: #6d4f85 !important;\">\u2022<\/span> N\u00famero de Cuenta: 6229-505254\/8 | CA<br \/>\n<span style=\"color: #6d4f85 !important;\">\u2022<\/span> CUIL\/CUIT: 30-52222500-9<br \/>\n<span style=\"color: #6d4f85 !important;\">\u2022<\/span> CBU: 0140305104622950525482<br \/>\n<span style=\"color: #6d4f85 !important;\">\u2022<\/span> C\u00f3digo BIC \/ SWIFT: PRBAARBABAH[\/vc_column_text][\/vc_accordion_tab][\/vc_accordions][\/vc_column][vc_column width=&#8221;1\/2&#8243; el_class=&#8221;columna-hospitales&#8221;][mk_icon_box2 icon_size=&#8221;48&#8243; icon=&#8221;mk-icon-stethoscope&#8221; icon_color=&#8221;#ffffff&#8221; icon_background_color=&#8221;#c6aeda&#8221; title_top_padding=&#8221;5&#8243; title_bottom_padding=&#8221;30&#8243; description_color=&#8221;#0a0a0a&#8221; el_class=&#8221;icono-webinar&#8221;]<strong style=\"color: #6d4f85 !important; font-size: 25px !important;\">HOSPITAL DE INFECCIOSAS \u201cFRANCISCO JAVIER MU\u00d1IZ\u201d<\/strong> <span style=\"font-size: 25px !important;\">(CABA, BUENOS AIRES)<\/span>[\/mk_icon_box2][vc_accordions open_toggle=&#8221;-1&#8243; container_bg_color=&#8221;#ffffff&#8221;][vc_accordion_tab title=&#8221;DATOS DE LA CUENTA&#8221;][vc_column_text]<strong style=\"color: #6d4f85 !important;\">Transferencia en pesos argentinos: ($1.001)<\/strong><\/p>\n<p>BANCO CIUDAD DE BUENOS AIRES<\/p>\n<p><span style=\"color: #6d4f85 !important;\">\u2022<\/span> Titular: COOPERADORA HOSPITAL FCO J MU\u00d1IZ ASOC CIVIL<br \/>\n<span style=\"color: #6d4f85 !important;\">\u2022<\/span> CUIT: 30 67785188 7<br \/>\n<span style=\"color: #6d4f85 !important;\">\u2022<\/span> N\u00famero de Cuenta: 000000160000027140 \/ CC<br \/>\n<span style=\"color: #6d4f85 !important;\">\u2022<\/span>\u00a0ALIAS: BACHE.LONJA.BOLA<br \/>\n<span style=\"color: #6d4f85 !important;\">\u2022<\/span> CBU: 0290016200000000271400[\/vc_column_text][\/vc_accordion_tab][\/vc_accordions][\/vc_column][\/vc_row][vc_row fullwidth=&#8221;true&#8221; css=&#8221;.vc_custom_1587078554697{background-color: #f9f9f9 !important;}&#8221;][vc_column][mk_padding_divider size=&#8221;100&#8243;][\/vc_column][\/vc_row][vc_row fullwidth=&#8221;true&#8221; fullwidth_content=&#8221;false&#8221; css=&#8221;.vc_custom_1587408504750{background-color: #58a7ce !important;}&#8221; el_class=&#8221;padding-mobile&#8221;][vc_column][mk_padding_divider size=&#8221;70&#8243;][mk_fancy_title color=&#8221;#ffffff&#8221; size=&#8221;45&#8243; font_family=&#8221;none&#8221; align=&#8221;center&#8221;]<strong style=\"color: #fff !important;\">\u00bfSe encuentra en el exterior?<\/strong>[\/mk_fancy_title][vc_column_text align=&#8221;center&#8221; el_class=&#8221;bajada-2&#8243;]<span style=\"color: #fff!important; line-height: 1.8 !important; text-align: center !important; font-weight: 300 !important; text-transform: initial !important; font-size: 25px !important;\">Colabore con U$D 11 d\u00f3lares a la Cruz Roja Argentina a trav\u00e9s de Paypal y otros medios de pago (se recomienda realizar el mismo desde su PC).<\/span>[\/vc_column_text][mk_button dimension=&#8221;flat&#8221; corner_style=&#8221;full_rounded&#8221; size=&#8221;x-large&#8221; url=&#8221;https:\/\/www.helpargentina.org\/es\/checkout\/checkout\/id_ong\/157\/&#8221; align=&#8221;center&#8221; animation=&#8221;bottom-to-top&#8221; btn_hover_bg=&#8221;#583d6d&#8221;]DONAR U$D 11 A CRUZ ROJA ARGENTINA &gt;[\/mk_button][mk_padding_divider size=&#8221;70&#8243;][\/vc_column][\/vc_row][vc_row fullwidth=&#8221;true&#8221; fullwidth_content=&#8221;false&#8221; css=&#8221;.vc_custom_1587082115213{background-color: #6d4f85 !important;}&#8221; el_class=&#8221;padding-mobile&#8221;][vc_column][mk_padding_divider size=&#8221;70&#8243;][mk_fancy_title color=&#8221;#ffffff&#8221; size=&#8221;45&#8243; font_family=&#8221;none&#8221; align=&#8221;center&#8221;]\u00bfYa realiz\u00f3 la transferencia?[\/mk_fancy_title][mk_fancy_title color=&#8221;#ffffff&#8221; size=&#8221;45&#8243; font_family=&#8221;none&#8221; align=&#8221;center&#8221;]<strong style=\"color: #fff !important;\">\u00a1Env\u00ede su comprobante para obtener su credencial de acceso!<\/strong>[\/mk_fancy_title][mk_button dimension=&#8221;flat&#8221; corner_style=&#8221;full_rounded&#8221; size=&#8221;x-large&#8221; url=&#8221;mailto:pagos@bite.com.ar&#8221; align=&#8221;center&#8221; animation=&#8221;bottom-to-top&#8221; bg_color=&#8221;#9073a7&#8243; btn_hover_bg=&#8221;#583d6d&#8221;]ENVIAR COMPROBANTE &gt;[\/mk_button][mk_padding_divider size=&#8221;70&#8243;][\/vc_column][\/vc_row]\n","protected":false},"excerpt":{"rendered":"<p>[mk_page_section bg_image=&#8221;http:\/\/www.matiasanghileri.com\/2017\/wp-content\/uploads\/2020\/04\/banner-webinar-2.jpg&#8221; bg_position=&#8221;center top&#8221; bg_stretch=&#8221;true&#8221; enable_3d=&#8221;true&#8221; adaptive_height=&#8221;true&#8221; min_height=&#8221;300&#8243; full_width=&#8221;true&#8221; padding_top=&#8221;0&#8243; padding_bottom=&#8221;0&#8243; margin_bottom=&#8221;70&#8243; top_shape_color=&#8221;#ffffff&#8221; bottom_shape_style=&#8221;folded-bottom&#8221; bottom_shape_color=&#8221;#ffffff&#8221; sidebar=&#8221;sidebar-1&#8243;][vc_column][\/vc_column][\/mk_page_section][mk_page_section min_height=&#8221;50&#8243; padding_top=&#8221;15&#8243; padding_bottom=&#8221;45&#8243; sidebar=&#8221;sidebar-1&#8243;][vc_column width=&#8221;1\/2&#8243; css=&#8221;.vc_custom_1504750087772{margin-bottom: 0px !important;}&#8221;][mk_padding_divider size=&#8221;20&#8243;][mk_fancy_title tag_name=&#8221;span&#8221; size=&#8221;60&#8243; force_font_size=&#8221;true&#8221; size_smallscreen=&#8221;50&#8243; size_tablet=&#8221;45&#8243; size_phone=&#8221;20&#8243; font_family=&#8221;Roboto&#8221; font_type=&#8221;google&#8221; align=&#8221;right&#8221;]1001 TIPS SOLIDARIOS DEL AUTOLIGADO[\/mk_fancy_title][\/vc_column][vc_column width=&#8221;1\/2&#8243;][vc_column_text]Estimado colega, gracias por interesarse en este webinar. La idea es sencilla: Aprender siendo Solidario ayudando en [&hellip;]<\/p>\n","protected":false},"author":1,"featured_media":0,"parent":0,"menu_order":0,"comment_status":"closed","ping_status":"closed","template":"","meta":{"om_disable_all_campaigns":false},"translation":{"provider":"WPGlobus","version":"2.10.2","language":"en","enabled_languages":["es","en"],"languages":{"es":{"title":true,"content":true,"excerpt":false},"en":{"title":false,"content":false,"excerpt":false}}},"featured_image_src":null,"featured_image_src_square":null,"_links":{"self":[{"href":"http:\/\/www.matiasanghileri.com\/en\/wp-json\/wp\/v2\/pages\/601"}],"collection":[{"href":"http:\/\/www.matiasanghileri.com\/en\/wp-json\/wp\/v2\/pages"}],"about":[{"href":"http:\/\/www.matiasanghileri.com\/en\/wp-json\/wp\/v2\/types\/page"}],"author":[{"embeddable":true,"href":"http:\/\/www.matiasanghileri.com\/en\/wp-json\/wp\/v2\/users\/1"}],"replies":[{"embeddable":true,"href":"http:\/\/www.matiasanghileri.com\/en\/wp-json\/wp\/v2\/comments?post=601"}],"version-history":[{"count":71,"href":"http:\/\/www.matiasanghileri.com\/en\/wp-json\/wp\/v2\/pages\/601\/revisions"}],"predecessor-version":[{"id":712,"href":"http:\/\/www.matiasanghileri.com\/en\/wp-json\/wp\/v2\/pages\/601\/revisions\/712"}],"wp:attachment":[{"href":"http:\/\/www.matiasanghileri.com\/en\/wp-json\/wp\/v2\/media?parent=601"}],"curies":[{"name":"wp","href":"https:\/\/api.w.org\/{rel}","templated":true}]}}