{"id":7,"date":"2017-02-19T15:51:46","date_gmt":"2017-02-19T18:51:46","guid":{"rendered":"http:\/\/www.matiasanghileri.com\/2017\/?page_id=7"},"modified":"2022-07-28T14:25:12","modified_gmt":"2022-07-28T17:25:12","slug":"inicio-2","status":"publish","type":"page","link":"http:\/\/www.matiasanghileri.com\/en\/","title":{"rendered":"HOME"},"content":{"rendered":"[vc_row fullwidth=&#8221;true&#8221;][vc_column][mk_layerslider id=&#8221;1&#8243;][\/vc_column][\/vc_row][vc_row fullwidth=&#8221;true&#8221; css=&#8221;.vc_custom_1487613626029{background-color: #0188cc !important;}&#8221;][vc_column][mk_padding_divider size=&#8221;70&#8243;][mk_fancy_title color=&#8221;#ffffff&#8221; size=&#8221;47&#8243; font_weight=&#8221;100&#8243; margin_top=&#8221;50&#8243; font_family=&#8221;Open+Sans+Condensed&#8221; font_type=&#8221;google&#8221; align=&#8221;center&#8221;]We don\u00b4t just align teeth.<\/p>\n<p>We wake up smiles.[\/mk_fancy_title][vc_single_image image=&#8221;155&#8243; img_size=&#8221;full&#8221; alignment=&#8221;center&#8221;][vc_row_inner is_fullwidth_content=&#8221;false&#8221; el_class=&#8221;ocultar&#8221;][vc_column_inner][mk_fancy_title color=&#8221;#ffffff&#8221; size=&#8221;20&#8243; line_height=&#8221;170&#8243; font_weight=&#8221;100&#8243; font_family=&#8221;none&#8221; align=&#8221;center&#8221;]Lorem ipsum dolor sit amet, consectetur adipiscing elit, sed do eiusmod tempor incididunt ut labore et dolore magna aliqua. Ut enim ad minim veniam, quis nostrud exercitation ullamco laboris nisi ut aliquip ex ea commodo consequat. Duis aute irure dolor in reprehenderit in voluptate velit esse cillum dolore eu fugiat nulla pariatur. Excepteur sint occaecat cupidatat non proident, sunt in culpa qui officia deserunt mollit anim id est laborum.[\/mk_fancy_title][\/vc_column_inner][\/vc_row_inner][mk_padding_divider size=&#8221;70&#8243;][\/vc_column][\/vc_row][vc_row fullwidth=&#8221;true&#8221; fullwidth_content=&#8221;false&#8221; parallax=&#8221;content-moving-fade&#8221; parallax_image=&#8221;686&#8243; parallax_speed_bg=&#8221;1.2&#8243;][vc_column width=&#8221;1\/2&#8243;][mk_padding_divider size=&#8221;80&#8243;][mk_fancy_title color=&#8221;#1e73be&#8221; size=&#8221;45&#8243; margin_bottom=&#8221;0&#8243; font_family=&#8221;none&#8221;]Dr. Mat\u00edas Anghileri[\/mk_fancy_title][mk_fancy_title color=&#8221;#3e3e3e&#8221; size=&#8221;28&#8243; font_family=&#8221;none&#8221;]Specialist in orthodontics and orthopedics[\/mk_fancy_title][mk_fancy_title color=&#8221;#717171&#8243; size=&#8221;16&#8243; line_height=&#8221;150&#8243; font_family=&#8221;none&#8221;]Dentist graduated at the Universidad de Buenos Aires, Argentina \u2013 Specialist in Orthodontics and Functional Orthopedics \u2013 Member of the World Federation of Orthodontists \u2013 Damon System Certified Educator \u2013 Former Professor of Orthodontics at the Universidad de Mor\u00f3n, Argentina \u2013 Member of the Asociaci\u00f3n Iberoamericana de Ortodoncistas \u2013 President of AIOI (Academia Internacional de Odontolog\u00eda Integral) Bah\u00eda Blanca \u2013 Speaker at the Sociedad Argentina de Ortodoncia \u2013 Speaker at long and short Damon System courses all over the country \u2013 Guest Speaker at the Universidad Cat\u00f3lica Argentina. International Speaker at Damon courses in Colombia, Per\u00fa, Uruguay, Bolivia, Paraguay, Panam\u00e1 and other Latin American countries.[\/mk_fancy_title][vc_btn title=&#8221;VIEW FULL RESUME&#8221; style=&#8221;flat&#8221; shape=&#8221;square&#8221; color=&#8221;primary&#8221; i_icon_fontawesome=&#8221;fa fa-file&#8221; add_icon=&#8221;true&#8221; link=&#8221;url:http%3A%2F%2Fwww.matiasanghileri.com%2F2020%2Fcv.pdf||target:%20_blank|&#8221;][mk_padding_divider size=&#8221;80&#8243;][\/vc_column][vc_column width=&#8221;1\/2&#8243;][\/vc_column][\/vc_row][vc_row fullwidth=&#8221;true&#8221; fullwidth_content=&#8221;false&#8221; css=&#8221;.vc_custom_1487556050938{padding-top: 50px !important;padding-bottom: 50px !important;}&#8221;][vc_column width=&#8221;1\/2&#8243;][mk_padding_divider size=&#8221;90&#8243;]<div id=\"twenty20-1\" class=\"twenty20\" style=\"width: 540;\"><div class=\"twentytwenty-container twenty20-1 \"><img class=\"skip-lazy\" src=\"http:\/\/www.matiasanghileri.com\/wp-content\/uploads\/2017\/02\/caso1pre-1.jpg\" \/><img class=\"skip-lazy\" src=\"http:\/\/www.matiasanghileri.com\/wp-content\/uploads\/2017\/02\/caso1post-1.jpg\" \/><\/div><script>jQuery( document ).ready(function( $ ) {$(\".twentytwenty-container.twenty20-1[data-orientation!='vertical']\").twentytwenty({default_offset_pct: 0.5});$(\".twenty20-1 .twentytwenty-overlay\").hide();$(\".twenty20-1 .twentytwenty-overlay\").hide();});<\/script><\/div>[\/vc_column][vc_column width=&#8221;1\/2&#8243; css=&#8221;.vc_custom_1487555295054{padding-left: 20px !important;}&#8221;][mk_padding_divider][mk_fancy_title color=&#8221;#1e73be&#8221; size=&#8221;45&#8243; font_family=&#8221;none&#8221;]Clinical Cases[\/mk_fancy_title][mk_fancy_title color=&#8221;#929292&#8243; size=&#8221;16&#8243; line_height=&#8221;150&#8243; font_family=&#8221;none&#8221; el_class=&#8221;ocultar&#8221;]Lorem ipsum dolor sit amet, consectetur adipiscing elit, sed do eiusmod tempor incididunt ut labore et dolore magna aliqua. Ut enim ad minim veniam, quis nostrud exercitation ullamco laboris nisi ut aliquip ex ea commodo consequat. Duis aute irure dolor in reprehenderit in voluptate velit esse cillum dolore eu fugiat nulla pariatur. Excepteur sint occaecat cupidatat non proident, sunt in culpa qui officia deserunt mollit anim id est laborum.[\/mk_fancy_title][vc_btn title=&#8221;VIEW ALL CASES&#8221; style=&#8221;flat&#8221; shape=&#8221;square&#8221; color=&#8221;primary&#8221; i_align=&#8221;right&#8221; i_icon_fontawesome=&#8221;fa fa-sign-out&#8221; add_icon=&#8221;true&#8221; link=&#8221;url:http%3A%2F%2Fwww.matiasanghileri.com%2F2020%2Fcasos-clinicos%2F|||&#8221;][mk_padding_divider size=&#8221;80&#8243;][\/vc_column][\/vc_row][vc_row fullwidth=&#8221;true&#8221; equal_columns=&#8221;true&#8221; attached=&#8221;true&#8221; css=&#8221;.vc_custom_1487558198247{background-color: #333333 !important;}&#8221;][vc_column width=&#8221;1\/2&#8243; css=&#8221;.vc_custom_1587063130537{background-image: url(http:\/\/www.matiasanghileri.com\/2020\/wp-content\/uploads\/2017\/02\/docencia.jpg?id=100) !important;background-position: center !important;background-repeat: no-repeat !important;background-size: cover !important;}&#8221;][\/vc_column][vc_column width=&#8221;1\/2&#8243; css=&#8221;.vc_custom_1487558560615{padding-right: 50px !important;padding-left: 30px !important;}&#8221;][mk_padding_divider size=&#8221;100&#8243;][mk_fancy_title color=&#8221;#ffffff&#8221; size=&#8221;45&#8243; font_family=&#8221;none&#8221;]Courses[\/mk_fancy_title][mk_fancy_title color=&#8221;#cecece&#8221; size=&#8221;16&#8243; line_height=&#8221;150&#8243; font_family=&#8221;none&#8221; el_class=&#8221;ocultar&#8221;]Lorem ipsum dolor sit amet, consectetur adipiscing elit, sed do eiusmod tempor incididunt ut labore et dolore magna aliqua. Ut enim ad minim veniam, quis nostrud exercitation ullamco laboris nisi ut aliquip ex ea commodo consequat. Duis aute irure dolor in reprehenderit in voluptate velit esse cillum dolore eu fugiat nulla pariatur. Excepteur sint occaecat cupidatat non proident, sunt in culpa qui officia deserunt mollit anim id est laborum.[\/mk_fancy_title][mk_gallery images=&#8221;108,109,110&#8243; image_size=&#8221;full&#8221; hover_scenarios=&#8221;none&#8221;][vc_btn title=&#8221;VIEW NEXT COURSES&#8221; style=&#8221;flat&#8221; shape=&#8221;square&#8221; color=&#8221;primary&#8221; i_align=&#8221;right&#8221; i_icon_fontawesome=&#8221;fa fa-calendar-o&#8221; add_icon=&#8221;true&#8221; link=&#8221;url:http%3A%2F%2Fwww.matiasanghileri.com%2F2020%2Fcursos%2F|||&#8221;][mk_padding_divider size=&#8221;100&#8243;][\/vc_column][\/vc_row][vc_row fullwidth=&#8221;true&#8221; equal_columns=&#8221;true&#8221; attached=&#8221;true&#8221; css=&#8221;.vc_custom_1487562913679{background-color: #333333 !important;}&#8221;][vc_column width=&#8221;1\/2&#8243; css=&#8221;.vc_custom_1487560366507{padding-right: 30px !important;padding-left: 50px !important;}&#8221;][mk_padding_divider size=&#8221;170&#8243;][mk_fancy_title color=&#8221;#ffffff&#8221; size=&#8221;45&#8243; font_family=&#8221;none&#8221; align=&#8221;right&#8221;]Research[\/mk_fancy_title][mk_fancy_title color=&#8221;#cecece&#8221; size=&#8221;16&#8243; line_height=&#8221;150&#8243; font_family=&#8221;none&#8221; align=&#8221;right&#8221; el_class=&#8221;ocultar&#8221;]Ac\u00e1 va un texto sobre la t\u00e9cnica ANG. Lorem ipsum dolor sit amet, consectetur adipiscing elit, sed do eiusmod tempor incididunt ut labore et dolore magna aliqua. Ut enim ad minim veniam, quis nostrud exercitation ullamco laboris nisi ut aliquip ex ea commodo consequat. Duis aute irure dolor in reprehenderit in voluptate velit esse cillum dolore eu fugiat nulla pariatur. Excepteur sint occaecat cupidatat non proident, sunt in culpa qui officia deserunt mollit anim id est laborum.[\/mk_fancy_title][vc_btn title=&#8221;THE ANG (ANGHILERI) TECHNIQUE&#8221; style=&#8221;flat&#8221; shape=&#8221;square&#8221; color=&#8221;primary&#8221; align=&#8221;right&#8221; i_align=&#8221;right&#8221; i_icon_fontawesome=&#8221;fa fa-angle-double-right&#8221; add_icon=&#8221;true&#8221; link=&#8221;url:http%3A%2F%2Fwww.matiasanghileri.com%2F2020%2Fen%2Fla-tecnica-ang%2F|||&#8221;][mk_padding_divider size=&#8221;170&#8243;][\/vc_column][vc_column width=&#8221;1\/2&#8243; css=&#8221;.vc_custom_1587063112104{background-image: url(http:\/\/www.matiasanghileri.com\/2020\/wp-content\/uploads\/2017\/08\/7.jpg?id=349) !important;background-position: center !important;background-repeat: no-repeat !important;background-size: cover !important;}&#8221;][\/vc_column][\/vc_row][vc_row fullwidth=&#8221;true&#8221; css=&#8221;.vc_custom_1487561971783{background-color: #ffffff !important;}&#8221;][vc_column][mk_padding_divider size=&#8221;70&#8243;][mk_fancy_title color=&#8221;#1e73be&#8221; size=&#8221;47&#8243; font_weight=&#8221;100&#8243; margin_top=&#8221;50&#8243; font_family=&#8221;Open+Sans+Condensed&#8221; font_type=&#8221;google&#8221; align=&#8221;center&#8221;]Request an appointment.<\/p>\n<p>We will be happy to discuss your case.[\/mk_fancy_title][mk_padding_divider size=&#8221;70&#8243;][\/vc_column][\/vc_row][mk_page_section bg_color=&#8221;#0088cc&#8221; full_width=&#8221;true&#8221; top_shape_color=&#8221;#ffffff&#8221; bottom_shape_color=&#8221;#ffffff&#8221; sidebar=&#8221;sidebar-1&#8243;][vc_column css=&#8221;.vc_custom_1504769465458{background-color: #0088cc !important;}&#8221;][vc_row_inner is_fullwidth_content=&#8221;false&#8221; css=&#8221;.vc_custom_1504772374016{margin-top: 70px !important;}&#8221;][vc_column_inner][mk_contact_form skin=&#8221;light&#8221; button_text=&#8221;send&#8221; email=&#8221;&#8221; captcha=&#8221;false&#8221;][\/vc_column_inner][\/vc_row_inner][\/vc_column][\/mk_page_section]\n","protected":false},"excerpt":{"rendered":"<p>[vc_row fullwidth=&#8221;true&#8221;][vc_column][mk_layerslider id=&#8221;1&#8243;][\/vc_column][\/vc_row][vc_row fullwidth=&#8221;true&#8221; css=&#8221;.vc_custom_1487613626029{background-color: #0188cc !important;}&#8221;][vc_column][mk_padding_divider size=&#8221;70&#8243;][mk_fancy_title color=&#8221;#ffffff&#8221; size=&#8221;47&#8243; font_weight=&#8221;100&#8243; margin_top=&#8221;50&#8243; font_family=&#8221;Open+Sans+Condensed&#8221; font_type=&#8221;google&#8221; align=&#8221;center&#8221;]We don\u00b4t just align teeth. We wake up smiles.[\/mk_fancy_title][vc_single_image image=&#8221;155&#8243; img_size=&#8221;full&#8221; alignment=&#8221;center&#8221;][vc_row_inner is_fullwidth_content=&#8221;false&#8221; el_class=&#8221;ocultar&#8221;][vc_column_inner][mk_fancy_title color=&#8221;#ffffff&#8221; size=&#8221;20&#8243; line_height=&#8221;170&#8243; font_weight=&#8221;100&#8243; font_family=&#8221;none&#8221; align=&#8221;center&#8221;]Lorem ipsum dolor sit amet, consectetur adipiscing elit, sed do eiusmod tempor incididunt ut labore et dolore magna aliqua. Ut enim ad [&hellip;]<\/p>\n","protected":false},"author":1,"featured_media":0,"parent":0,"menu_order":0,"comment_status":"closed","ping_status":"closed","template":"","meta":{"om_disable_all_campaigns":false},"translation":{"provider":"WPGlobus","version":"2.10.2","language":"en","enabled_languages":["es","en"],"languages":{"es":{"title":true,"content":true,"excerpt":false},"en":{"title":true,"content":true,"excerpt":false}}},"featured_image_src":null,"featured_image_src_square":null,"_links":{"self":[{"href":"http:\/\/www.matiasanghileri.com\/en\/wp-json\/wp\/v2\/pages\/7"}],"collection":[{"href":"http:\/\/www.matiasanghileri.com\/en\/wp-json\/wp\/v2\/pages"}],"about":[{"href":"http:\/\/www.matiasanghileri.com\/en\/wp-json\/wp\/v2\/types\/page"}],"author":[{"embeddable":true,"href":"http:\/\/www.matiasanghileri.com\/en\/wp-json\/wp\/v2\/users\/1"}],"replies":[{"embeddable":true,"href":"http:\/\/www.matiasanghileri.com\/en\/wp-json\/wp\/v2\/comments?post=7"}],"version-history":[{"count":122,"href":"http:\/\/www.matiasanghileri.com\/en\/wp-json\/wp\/v2\/pages\/7\/revisions"}],"predecessor-version":[{"id":741,"href":"http:\/\/www.matiasanghileri.com\/en\/wp-json\/wp\/v2\/pages\/7\/revisions\/741"}],"wp:attachment":[{"href":"http:\/\/www.matiasanghileri.com\/en\/wp-json\/wp\/v2\/media?parent=7"}],"curies":[{"name":"wp","href":"https:\/\/api.w.org\/{rel}","templated":true}]}}