{"id":773,"date":"2023-07-13T15:57:44","date_gmt":"2023-07-13T18:57:44","guid":{"rendered":"http:\/\/www.matiasanghileri.com\/?page_id=773"},"modified":"2023-07-24T12:10:29","modified_gmt":"2023-07-24T15:10:29","slug":"773-2","status":"publish","type":"page","link":"http:\/\/www.matiasanghileri.com\/en\/773-2\/","title":{"rendered":""},"content":{"rendered":"<p><img loading=\"lazy\" class=\"alignnone size-full wp-image-772\" src=\"http:\/\/www.matiasanghileri.com\/wp-content\/uploads\/2023\/07\/captura-de-pantalla-2023-07-13-a-las-14.53.30-1.png\" alt=\"\" width=\"1918\" height=\"310\" srcset=\"http:\/\/www.matiasanghileri.com\/wp-content\/uploads\/2023\/07\/captura-de-pantalla-2023-07-13-a-las-14.53.30-1.png 1918w, http:\/\/www.matiasanghileri.com\/wp-content\/uploads\/2023\/07\/captura-de-pantalla-2023-07-13-a-las-14.53.30-1-300x48.png 300w, http:\/\/www.matiasanghileri.com\/wp-content\/uploads\/2023\/07\/captura-de-pantalla-2023-07-13-a-las-14.53.30-1-1024x166.png 1024w, http:\/\/www.matiasanghileri.com\/wp-content\/uploads\/2023\/07\/captura-de-pantalla-2023-07-13-a-las-14.53.30-1-768x124.png 768w, http:\/\/www.matiasanghileri.com\/wp-content\/uploads\/2023\/07\/captura-de-pantalla-2023-07-13-a-las-14.53.30-1-1536x248.png 1536w, http:\/\/www.matiasanghileri.com\/wp-content\/uploads\/2023\/07\/captura-de-pantalla-2023-07-13-a-las-14.53.30-1-330x53.png 330w, http:\/\/www.matiasanghileri.com\/wp-content\/uploads\/2023\/07\/captura-de-pantalla-2023-07-13-a-las-14.53.30-1-736x119.png 736w, http:\/\/www.matiasanghileri.com\/wp-content\/uploads\/2023\/07\/captura-de-pantalla-2023-07-13-a-las-14.53.30-1-1280x207.png 1280w, http:\/\/www.matiasanghileri.com\/wp-content\/uploads\/2023\/07\/captura-de-pantalla-2023-07-13-a-las-14.53.30-1-414x67.png 414w\" sizes=\"(max-width: 1918px) 100vw, 1918px\" \/><\/p>\n<style>\nbody{<br \/>\n\tfont-size: 20px;<br \/>\n\tfont-family: 'Cairo', sans-serif;<br \/>\n\tcolor: #333;<br \/>\n\tmargin-left: 0px;<br \/>\n\tmargin-top: 0px;<br \/>\n\tmargin-right: 0px;<br \/>\n\tmargin-bottom: 0px;<br \/>\n}<br \/>\n.question{<br \/>\n    font-weight: 600;<br \/>\n}<br \/>\n.answers {<br \/>\n  margin-bottom: 20px;<br \/>\n}<br \/>\n.answers label{<br \/>\n  display: block;<br \/>\n}<br \/>\n#submit{<br \/>\n    font-family: sans-serif;<br \/>\n    font-size: 20px;<br \/>\n    background-color: #ffc107;<br \/>\n    color: #fff;<br \/>\n    border: 0px;<br \/>\n    border-radius: 3px;<br \/>\n    padding: 20px;<br \/>\n    cursor: pointer;<br \/>\n    margin-bottom: 20px;<br \/>\n}<br \/>\n#submit:hover{<br \/>\n    background-color: #f1b400;<br \/>\n}<br \/>\n#wrapper<br \/>\n{<br \/>\n  border: 1px solid #888;<br \/>\n  display: inline-block;<br \/>\n  padding:20px;<\/p>\n<p>}<br \/>\n.principal<br \/>\n{<br \/>\n  float: left;<br \/>\n  width:70%;<br \/>\n  background-color: #f9f9f9;<br \/>\n  margin-left:15%;<br \/>\n}<br \/>\n.imc<br \/>\n{<br \/>\n  float: left;<br \/>\n  width:70%;<br \/>\n  margin-left:15%;<br \/>\n  background-color: #EEE;<br \/>\n  text-align: right;<br \/>\n}<br \/>\n.cabezal<br \/>\n{<br \/>\n  float: left;<br \/>\n  text-align:center;<br \/>\n  width:100%;<br \/>\n  color:#FFF;<br \/>\n  padding-top:90px;<br \/>\n  padding-bottom:90px;<br \/>\n  background-image:url(http:\/\/www.matiasanghileri.com\/wp-content\/uploads\/2023\/07\/captura-de-pantalla-2023-07-13-a-las-14.53.30-1.png);<br \/>\n  background-repeat:no-repeat;<br \/>\n  background-position:center top;<br \/>\n}<br \/>\n.bajada<br \/>\n{<br \/>\n  float: left;<br \/>\n  text-align:center;<br \/>\n  width:70%;<br \/>\n  padding-top:30px;<br \/>\n  padding-bottom:30px;<br \/>\n  margin-left:15%;<br \/>\n  margin-right:15%;<br \/>\n  line-height: 1.5;<br \/>\n  font-size: 24px;<br \/>\n}<br \/>\n.aviso<br \/>\n{<br \/>\n  float: left;<br \/>\n  width:70%;<br \/>\n  text-align:center;<br \/>\n  color:#FFF;<br \/>\n  margin-left:15%;<br \/>\n  background-color: #03A9F4 ;<br \/>\n}<br \/>\n.referencias<br \/>\n{<br \/>\n  float: left;<br \/>\n  width:70%;<br \/>\n  text-align:center;<br \/>\n  color:#FFF;<br \/>\n  margin-left:15%;<br \/>\n  background-color: #676767;<br \/>\n  font-size: 15px;<br \/>\n}<\/p>\n<p>.copy<br \/>\n{<br \/>\n  float: left;<br \/>\n  width:100%;<br \/>\n  text-align:center;<br \/>\n  color:#FFF;<br \/>\n  background-color: #03a9f4;<br \/>\n  font-size: 15px;<br \/>\n}<br \/>\n#results<br \/>\n{<br \/>\n  background-color: #e4e4e4;<br \/>\n  padding: 16px;<br \/>\n  border-radius: 50px;<br \/>\n}<br \/>\nh3 {<br \/>\n  font-size: 1.17em;<br \/>\n  margin-top: 0px !important;<br \/>\n  margin-bottom: -33px !important;<br \/>\n  font-weight: bolder;<br \/>\n  color: #03a9f4;<br \/>\n}<br \/>\n<\/style>\n<p><span style=\"font-size: revert; font-family: -apple-system, BlinkMacSystemFont, 'Segoe UI', Roboto, Oxygen-Sans, Ubuntu, Cantarell, 'Helvetica Neue', sans-serif; color: initial;\">El prop\u00f3sito de este sitio es determinar si usted tiene un riesgo <\/span><strong style=\"color: #f00;\">ALTO<\/strong><span style=\"font-size: revert; font-family: -apple-system, BlinkMacSystemFont, 'Segoe UI', Roboto, Oxygen-Sans, Ubuntu, Cantarell, 'Helvetica Neue', sans-serif; color: initial;\"> o <\/span><strong style=\"color: #0c0;\">BAJO<\/strong><span style=\"font-size: revert; font-family: -apple-system, BlinkMacSystemFont, 'Segoe UI', Roboto, Oxygen-Sans, Ubuntu, Cantarell, 'Helvetica Neue', sans-serif; color: initial;\"> de padecer apnea obstructiva del sue\u00f1o. La misma puede manifestarse en todos los grupos etarios, pero la frecuencia aumenta con la edad y la obesidad.<\/span><\/p>\n<div class=\"bajada\">\n<p><strong>\u00bfInteresado en averiguar su factor de riesgo?<\/strong><br \/>\nConteste el siguiente cuestionario para averiguarlo.<\/p>\n<\/div>\n<div class=\"aviso\">\n<div style=\"padding: 50px;\"><img loading=\"lazy\" class=\"alignnone size-full wp-image-768\" src=\"http:\/\/www.matiasanghileri.com\/wp-content\/uploads\/2023\/07\/captura-de-pantalla-2023-07-13-a-las-15.03.06.png\" alt=\"\" width=\"1342\" height=\"288\" srcset=\"http:\/\/www.matiasanghileri.com\/wp-content\/uploads\/2023\/07\/captura-de-pantalla-2023-07-13-a-las-15.03.06.png 1342w, http:\/\/www.matiasanghileri.com\/wp-content\/uploads\/2023\/07\/captura-de-pantalla-2023-07-13-a-las-15.03.06-300x64.png 300w, http:\/\/www.matiasanghileri.com\/wp-content\/uploads\/2023\/07\/captura-de-pantalla-2023-07-13-a-las-15.03.06-1024x220.png 1024w, http:\/\/www.matiasanghileri.com\/wp-content\/uploads\/2023\/07\/captura-de-pantalla-2023-07-13-a-las-15.03.06-768x165.png 768w, http:\/\/www.matiasanghileri.com\/wp-content\/uploads\/2023\/07\/captura-de-pantalla-2023-07-13-a-las-15.03.06-330x71.png 330w, http:\/\/www.matiasanghileri.com\/wp-content\/uploads\/2023\/07\/captura-de-pantalla-2023-07-13-a-las-15.03.06-736x158.png 736w, http:\/\/www.matiasanghileri.com\/wp-content\/uploads\/2023\/07\/captura-de-pantalla-2023-07-13-a-las-15.03.06-1280x275.png 1280w, http:\/\/www.matiasanghileri.com\/wp-content\/uploads\/2023\/07\/captura-de-pantalla-2023-07-13-a-las-15.03.06-414x89.png 414w\" sizes=\"(max-width: 1342px) 100vw, 1342px\" \/><\/div>\n<\/div>\n<div class=\"imc\">\n<div style=\"padding: 50px;\">\n<div class=\"yz-widget\" data-calculator-type=\"bmi\" data-language=\"es\" data-unit-system=\"metric\" data-background-color=\"#EEEEEE\" data-text-color=\"#212121\" data-primary-color=\"#03A9F4\" data-alternate-background-color=\"#FFFFFF\" data-alternate-text-color=\"#FFFFFF\" data-secondary-color=\"#FFC107\"><span class=\"yz-copyright\">Powered by <a href=\"https:\/\/www.yazio.com\/es\/calculadora-imc\">YAZIO<\/a><\/span><\/div>\n<p><script src=\"https:\/\/widget.yazio.com\/calculator.js\" async=\"\"><\/script><\/p>\n<\/div>\n<\/div>\n<div class=\"principal\">\n<div style=\"padding: 50px 30px 50px 30px;\">\n<div id=\"quiz\">\n<div class=\"question\">\n<h2 style=\"font-weight: 900;\">P | PRESION ARTERIAL ALTA<\/h2>\n<p>\u00bfUsted tiene o est\u00e1 siendo tratado por Presi\u00f3n Arterial Alta (hipertensi\u00f3n)?<\/p>\n<\/div>\n<div class=\"answers\"><label><input id=\"pregunta-1-si\" name=\"question0\" type=\"radio\" value=\"a\"> &nbsp;<strong>SI<\/strong><br \/>\n<\/label><label><br \/>\n<strong><input id=\"pregunta-1-no\" name=\"question0\" type=\"radio\" value=\"b\">&nbsp; NO<\/strong><br \/>\n<\/label><\/div>\n<div class=\"question\">\n<h2 style=\"font-weight: 900;\">R | RONQUIDOS<\/h2>\n<p>\u00bfUsted ronca sonoramente como para ser escuchado a trav\u00e9s de puertas cerradas o ser codeado por su pareja durante la noche?<\/p>\n<\/div>\n<div class=\"answers\"><strong><label><input id=\"pregunta-2-si\" name=\"question1\" type=\"radio\" value=\"a\"> SI<br \/>\n<\/label><\/strong><label><br \/>\n<strong><input id=\"pregunta-2-no\" name=\"question1\" type=\"radio\" value=\"b\"> NO<\/strong><br \/>\n<\/label><\/div>\n<div class=\"question\">\n<h2 style=\"font-weight: 900;\">O | OBSERVACI\u00d3N<\/h2>\n<p>\u00bfAlguien ha observado que usted deja de respirar, que se ahoga o le falta el aire durante el sue\u00f1o?<\/p>\n<\/div>\n<div class=\"answers\"><strong><label><input id=\"pregunta-3-si\" name=\"question2\" type=\"radio\" value=\"a\"> SI<br \/>\n<\/label><\/strong><label><br \/>\n<strong><input id=\"pregunta-3-no\" name=\"question2\" type=\"radio\" value=\"b\"> NO<\/strong><br \/>\n<\/label><\/div>\n<div class=\"question\">\n<h2 style=\"font-weight: 900;\">F | FATIGA<\/h2>\n<p>\u00bfSe siente usted cansado, fatigado o somnoliento durante el d\u00eda? (por ejemplo, mientras maneja o trabaja)<\/p>\n<\/div>\n<div class=\"answers\"><label><strong><input id=\"pregunta-4-si\" name=\"question3\" type=\"radio\" value=\"a\"> SI<\/strong><br \/>\n<\/label><label><br \/>\n<strong><input id=\"pregunta-4-no\" name=\"question3\" type=\"radio\" value=\"b\"> NO<\/strong><br \/>\n<\/label><\/div>\n<div class=\"question\">\n<h2 style=\"font-weight: 900;\">M | MEDIDA DE CIRCUNFERENCIA DE CUELLO<\/h2>\n<p>Medida a la altura de la nuez de Ad\u00e1n, \u00bfEs mayor al promedio?<br \/>\nMujeres: 41 cm \/ 16 pulgadas<br \/>\nHombres: 43 cm \/ 17 pulgadas<\/p>\n<\/div>\n<div class=\"answers\"><strong><label><input id=\"pregunta-5-si\" name=\"question4\" type=\"radio\" value=\"a\"> SI<br \/>\n<\/label><\/strong><label><br \/>\n<strong><input id=\"pregunta-5-no\" name=\"question4\" type=\"radio\" value=\"b\"> NO<\/strong><br \/>\n<\/label><\/div>\n<div class=\"question\">\n<h3 style=\"font-weight: 900;\">E | EDAD<\/h3>\n<p>\u00bfEs mayor de 50 a\u00f1os?<\/p>\n<\/div>\n<div class=\"answers\"><label><input id=\"pregunta-6-si\" name=\"question5\" type=\"radio\" value=\"a\"> <strong>SI<\/strong><br \/>\n<\/label><label><br \/>\n<strong><input id=\"pregunta-6-no\" name=\"question5\" type=\"radio\" value=\"b\"> NO<\/strong><br \/>\n<\/label><\/div>\n<div class=\"question\">\n<h2 style=\"font-weight: 900;\">S | SEXO<\/h2>\n<p>Seleccione su sexo<\/p>\n<\/div>\n<div class=\"answers\"><label><strong><input id=\"pregunta-7-si\" name=\"question6\" type=\"radio\" value=\"a\"> FEMENINO<\/strong><br \/>\n<\/label><label><br \/>\n<strong><input id=\"pregunta-7-no\" name=\"question6\" type=\"radio\" value=\"b\"> MASCULINO<\/strong><br \/>\n<\/label><\/div>\n<div class=\"question\">\n<h2 style=\"font-weight: 900;\">I | INDICE DE MASA CORPORAL<\/h2>\n<p>\u00bfSu \u00edndice de masa corporal es mayor a 35 Kg\/m2?<\/p>\n<\/div>\n<div class=\"answers\"><label><strong><input id=\"pregunta-8-si\" name=\"question7\" type=\"radio\" value=\"a\"> SI<\/strong><br \/>\n<\/label><label><br \/>\n<strong><input id=\"pregunta-8-no\" name=\"question7\" type=\"radio\" value=\"b\"> NO<\/strong><br \/>\n<\/label><\/div>\n<\/div>\n<p><!--\n\n\n<div id=\"quiz\" style=\"background:#000;\"><\/div>\n\n\n--><br \/>\n<button id=\"submit\">Calcular tu Riesgo de <strong>AOS &gt;<\/strong><\/button><\/p>\n<div id=\"results\"><\/div>\n<div class=\"result\">\n<h3 style=\"font-weight: 900;\">Riesgo de AOS<\/h3>\n<div>\n<p id=\"riesgo\" style=\"font-weight: bold; font-size: x-large;\">\n<\/div>\n<\/div>\n<\/div>\n<\/div>\n<div class=\"referencias\">\n<div style=\"padding: 50px;\">\n<p>Basado en el Stop- Bang Questionnaire<br \/>\nPropiedad de la University Health Network<\/p>\n<p>Modificado a partir de Chung F et al. Anesthesiology 2008; 108:812-21<br \/>\nChung F et al Br J Anaesth 2012; 108:768\u201375, Chung F et al J Clin Sleep Med Sept 2014<\/p>\n<\/div>\n<\/div>\n<div style=\"height: 100px !important; float: left; width: 100%;\"><\/div>\n<div class=\"copy\">\n<div>\n<p>\u00a9 PROFMESI.com | 2021 | Todos los derechos reservados. | Desarrollado por <a style=\"color: #bdeaff !important; text-decoration: none !important;\" href=\"http:\/\/www.gpinteractive.com.ar\/site\" target=\"_blank\" rel=\"noopener\">gpinteractive<\/a><\/p>\n<\/div>\n<\/div>\n<p><script>(function() {<br \/>\n  function buildQuiz() {<br \/>\n    \/\/ we'll need a place to store the HTML output<br \/>\n    const output = [];<\/p>\n<p>    \/\/ for each question...<br \/>\n    myQuestions.forEach((currentQuestion, questionNumber) => {<br \/>\n      \/\/ we'll want to store the list of answer choices<br \/>\n      const answers = [];<\/p>\n<p>      \/\/ and for each available answer...<br \/>\n      for (letter in currentQuestion.answers) {<br \/>\n        \/\/ ...add an HTML radio button<br \/>\n        answers.push(<br \/>\n          `<label><br \/>\n            <input type=\"radio\" name=\"question${questionNumber}\" value=\"${letter}\"><br \/>\n            ${currentQuestion.answers[letter]}<br \/>\n          <\/label>`<br \/>\n        );<br \/>\n      }<\/p>\n<p>      \/\/ add this question and its answers to the output<br \/>\n      output.push(<br \/>\n        `<\/p>\n<div class=\"question\"> ${currentQuestion.question} <\/div>\n<div class=\"answers\"> ${answers.join(\"\")} <\/div>\n<p>`<br \/>\n      );<br \/>\n    });<\/p>\n<p>    \/\/ finally combine our output list into one string of HTML and put it on the page<br \/>\n    quizContainer.innerHTML = output.join(\"\");<br \/>\n  }<\/p>\n<p>  function showResults() {<br \/>\n    \/\/ gather answer containers from our quiz<br \/>\n    const answerContainers = quizContainer.querySelectorAll(\".answers\");<\/p>\n<p>    \/\/ keep track of user's answers<br \/>\n    let numCorrect = 0;<\/p>\n<p>    \/\/ for each question...<br \/>\n    myQuestions.forEach((currentQuestion, questionNumber) => {<br \/>\n      \/\/ find selected answer<br \/>\n      const answerContainer = answerContainers[questionNumber];<br \/>\n      const selector = `input[name=question${questionNumber}]:checked`;<br \/>\n      const userAnswer = (answerContainer.querySelector(selector) || {}).value;<\/p>\n<p>      \/\/ if answer is correct<br \/>\n      if (userAnswer === currentQuestion.correctAnswer) {<br \/>\n        \/\/ add to the number of correct answers<br \/>\n        numCorrect++;<\/p>\n<p>        \/\/ color the answers green<br \/>\n        \/\/answerContainers[questionNumber].style.color = \"lightgreen\";<br \/>\n      } else {<br \/>\n        \/\/ if answer is wrong or blank<br \/>\n        \/\/ color the answers red<br \/>\n        \/\/answerContainers[questionNumber].style.color = \"red\";<br \/>\n      }<br \/>\n    });<\/p>\n<p>    \/\/ show number of correct answers out of total<br \/>\n    resultsContainer.innerHTML = `${numCorrect} PUNTOS`;<br \/>\n\t\/\/if (numCorrect >= 5)<br \/>\n\tif (numCorrect >= 3 && (document.getElementById('pregunta-5-si').checked || document.getElementById('pregunta-7-no').checked || document.getElementById('pregunta-8-si').checked))<br \/>\n        return [document.getElementById(\"riesgo\").textContent = \"ALTO\", document.getElementById(\"riesgo\").style.color = \"red\"];<br \/>\n\telse if (numCorrect >= 5)<br \/>\n\t\t\t\t\t\treturn [document.getElementById(\"riesgo\").textContent = \"ALTO\", document.getElementById(\"riesgo\").style.color = \"red\"];<br \/>\n\t\telse if (numCorrect >= 3)<br \/>\n        return [document.getElementById(\"riesgo\").textContent = \"INTERMEDIO\", document.getElementById(\"riesgo\").style.color = \"#ffa700\"];<br \/>\n\telse<br \/>\n        return [document.getElementById(\"riesgo\").textContent = \"BAJO\", document.getElementById(\"riesgo\").style.color = \"green\"];<br \/>\n  }<\/p>\n<p>  const quizContainer = document.getElementById(\"quiz\");<br \/>\n  const resultsContainer = document.getElementById(\"results\");<br \/>\n  const submitButton = document.getElementById(\"submit\");<br \/>\n  const myQuestions = [<br \/>\n    {<br \/>\n      question: \"<H3>P | PRESION ARTERIAL ALTA<\/H3><br \/>\u00bfUsted tiene o est\u00e1 siendo tratado por Presi\u00f3n Arterial Alta (hipertensi\u00f3n)?\",<br \/>\n      answers: {<br \/>\n        a: \"SI\",<br \/>\n        b: \"NO\",<br \/>\n      },<br \/>\n      correctAnswer: \"a\"<br \/>\n    },<br \/>\n    {<br \/>\n      question: \"<H3>R | RONQUIDOS<\/H3><br \/>\u00bfUsted ronca sonoramente como para ser escuchado a trav\u00e9s de puertas cerradas o ser codeado por su pareja durante la noche?\",<br \/>\n      answers: {<br \/>\n        a: \"SI\",<br \/>\n        b: \"NO\",<br \/>\n      },<br \/>\n      correctAnswer: \"a\"<br \/>\n    },<br \/>\n    {<br \/>\n      question: \"<H3>O | OBSERVACI\u00d3N<\/H3><br \/>\u00bfAlguien ha observado que usted deja de respirar, que se ahoga o le falta el aire durante el sue\u00f1o?\",<br \/>\n      answers: {<br \/>\n        a: \"SI\",<br \/>\n        b: \"NO\",<br \/>\n      },<br \/>\n      correctAnswer: \"a\"<br \/>\n    },<br \/>\n\t{<br \/>\n      question: \"<H3>F | FATIGA<\/H3><br \/>\u00bfSe siente usted cansado, fatigado o somnoliento durante el d\u00eda? (por ejemplo, mientras maneja o trabaja)\",<br \/>\n      answers: {<br \/>\n        a: \"SI\",<br \/>\n        b: \"NO\",<br \/>\n      },<br \/>\n      correctAnswer: \"a\"<br \/>\n    },<br \/>\n\t{<br \/>\n      question: \"<H3>M | MEDIDA DE CIRCUNFERENCIA DE CUELLO<\/H3><br \/>Medida a la altura de la nuez de Ad\u00e1n, \u00bfEs mayor al promedio?<br \/>Mujeres: 41 cm \/ 16 pulgadas<br \/>Hombres: 43 cm \/ 17 pulgadas\",<br \/>\n      answers: {<br \/>\n        a: \"SI\",<br \/>\n        b: \"NO\",<br \/>\n      },<br \/>\n      correctAnswer: \"a\"<br \/>\n    },<br \/>\n    {<br \/>\n      question: \"<H3>E | EDAD<\/H3><br \/>\u00bfEs mayor de 50 a\u00f1os?\",<br \/>\n      answers: {<br \/>\n        a: \"SI\",<br \/>\n        b: \"NO\",<br \/>\n      },<br \/>\n      correctAnswer: \"a\"<br \/>\n    },<br \/>\n    {<br \/>\n      question: \"<H3>S | SEXO<\/H3><br \/>Seleccione su sexo\",<br \/>\n      answers: {<br \/>\n        a: \"FEMENINO\",<br \/>\n        b: \"MASCULINO\",<br \/>\n      },<br \/>\n      correctAnswer: \"b\"<br \/>\n    },<br \/>\n\t{<br \/>\n      question: \"<H3>I | INDICE DE MASA CORPORAL<\/H3><br \/>\u00bfSu \u00edndice de masa corporal es mayor a 35 Kg\/m2?\",<br \/>\n      answers: {<br \/>\n        a: \"SI\",<br \/>\n        b: \"NO\",<br \/>\n      },<br \/>\n      correctAnswer: \"a\"<br \/>\n    }<br \/>\n  ];<\/p>\n<p>  \/\/ display quiz right away<br \/>\n  \/\/buildQuiz();<\/p>\n<p>  \/\/ on submit, show results<br \/>\n  submitButton.addEventListener(\"click\", showResults);<\/p>\n<p>})();<\/p>\n<p>$('#quiz').text(function(index,text){<br \/>\n    return text.replace('a :','');<br \/>\n});<\/p>\n<p><\/script><\/p>\n","protected":false},"excerpt":{"rendered":"<p>El prop\u00f3sito de este sitio es determinar si usted tiene un riesgo ALTO o BAJO de padecer apnea obstructiva del sue\u00f1o. La misma puede manifestarse en todos los grupos etarios, pero la frecuencia aumenta con la edad y la obesidad. \u00bfInteresado en averiguar su factor de riesgo? Conteste el siguiente cuestionario para averiguarlo. Powered by [&hellip;]<\/p>\n","protected":false},"author":1,"featured_media":0,"parent":0,"menu_order":0,"comment_status":"closed","ping_status":"closed","template":"","meta":{"om_disable_all_campaigns":false},"translation":{"provider":"WPGlobus","version":"2.10.2","language":"en","enabled_languages":["es","en"],"languages":{"es":{"title":false,"content":true,"excerpt":false},"en":{"title":false,"content":false,"excerpt":false}}},"featured_image_src":null,"featured_image_src_square":null,"_links":{"self":[{"href":"http:\/\/www.matiasanghileri.com\/en\/wp-json\/wp\/v2\/pages\/773"}],"collection":[{"href":"http:\/\/www.matiasanghileri.com\/en\/wp-json\/wp\/v2\/pages"}],"about":[{"href":"http:\/\/www.matiasanghileri.com\/en\/wp-json\/wp\/v2\/types\/page"}],"author":[{"embeddable":true,"href":"http:\/\/www.matiasanghileri.com\/en\/wp-json\/wp\/v2\/users\/1"}],"replies":[{"embeddable":true,"href":"http:\/\/www.matiasanghileri.com\/en\/wp-json\/wp\/v2\/comments?post=773"}],"version-history":[{"count":11,"href":"http:\/\/www.matiasanghileri.com\/en\/wp-json\/wp\/v2\/pages\/773\/revisions"}],"predecessor-version":[{"id":792,"href":"http:\/\/www.matiasanghileri.com\/en\/wp-json\/wp\/v2\/pages\/773\/revisions\/792"}],"wp:attachment":[{"href":"http:\/\/www.matiasanghileri.com\/en\/wp-json\/wp\/v2\/media?parent=773"}],"curies":[{"name":"wp","href":"https:\/\/api.w.org\/{rel}","templated":true}]}}